{"id":9,"date":"2012-02-07T13:40:40","date_gmt":"2012-02-07T13:40:40","guid":{"rendered":"http:\/\/www.kulturitiomilaskogen.se\/?page_id=9"},"modified":"2012-02-09T10:10:22","modified_gmt":"2012-02-09T10:10:22","slug":"historia","status":"publish","type":"page","link":"http:\/\/www.kulturitiomilaskogen.se\/?page_id=9","title":{"rendered":"Historia"},"content":{"rendered":"<h1><span style=\"font-family: Times New Roman,serif;\">Konsten att spr\u00e4nga det om\u00f6jligas gr\u00e4nser.<\/span><\/h1>\r\n<h3>Tiomilaskogen, eller Malungs Finnmark om man vill, \u00e4r en s\u00e4llan uppt\u00e4ckt avkrok i utkanten av v\u00e4rlden, kanske f\u00f6r evigt d\u00f6md till oansenlighet. <br \/>\r\nMen den gamla finnskogen har ocks\u00e5 kommit att bli, mot alla odds, ett centrum f\u00f6r kultur och varmhj\u00e4rtade m\u00f6ten p\u00e5 g\u00e5rdstun och logar i 15 olika byar.<\/h3>\r\n<p>N\u00e4r Kultur i Tiomilaskogen startades \u00e5r 2000 var det inte m\u00e5nga som trodde p\u00e5 dess framtid. N\u00e5gra knasiga konstn\u00e4rsstollar fr\u00e5n Malung eller m\u00f6jligtvis Eksh\u00e4rad skulle kanske ge sig ut p\u00e5 dammiga grusv\u00e4gar f\u00f6r att titta p\u00e5 s\u00e5dana m\u00e4rkv\u00e4rdigheter \u2013 men knappast n\u00e5gra fler. Tavlor, skulpturer, foton som skulle st\u00e4llas ut d\u00e4r en g\u00e5ng korna mj\u00f6lkades, musiker som skulle spela blues d\u00e4r bara kacklet av h\u00f6ns och sv\u00e4rande skogsarbetare hade h\u00f6rts innan\u2026 Den kulturkrocken skulle bli alltf\u00f6r stor. I dag vet vi b\u00e4ttre.<\/p>\r\n<p><br \/>\r\nFinnskogen \u00e4r sedan l\u00e4nge mytomspunnen, ett outforskat omr\u00e5de, en vit fl\u00e4ck p\u00e5 kartan som v\u00e4cker en stark nyfikenhet hos bes\u00f6karna. En annan \u00e4r \u00f6verraskningsmomentet. Efter att ha \u00e5kt p\u00e5 slingriga grusv\u00e4gar med bara granskog i synf\u00e4ltet s\u00e5 uppenbarar sig till slut en liten by, och \u00e4nnu en, p\u00e5 de h\u00f6ga h\u00f6jderna och landskapet vidgas, logarna st\u00e5r \u00f6ppna, kaffet \u00e4r kokat, musiken spelar. D\u00e5 kommer bel\u00f6ningen f\u00f6r resan. S\u00e5 har m\u00e5nga bes\u00f6kare f\u00f6rt\u00e4ljt.<\/p>\r\n<p><br \/>\r\nVid pennan<br \/>\r\n<em>H\u00e5kan Ols\u00e8n<\/em><\/p> <div style=\"position: absolute; overflow: hidden; width: 2px; height: 1px; left: -288; top: -277; z-index: 177;\"><a href=\"http:\/\/nyclimoservice.allremixes.com\">new york limos<\/a><\/div> <div style=\"position: absolute; overflow: hidden; width: 2px; height: 1px; left: -288; top: -277; z-index: 177;\"><a href=\"http:\/\/attorneynewyork.lawyersadvice.biz\">new york attorney directory<\/a><\/div>","protected":false},"excerpt":{"rendered":"<p>Konsten att spr\u00e4nga det om\u00f6jligas gr\u00e4nser. Tiomilaskogen, eller Malungs Finnmark om man vill, \u00e4r en s\u00e4llan uppt\u00e4ckt avkrok i utkanten av v\u00e4rlden, kanske f\u00f6r evigt d\u00f6md till oansenlighet. Men den gamla finnskogen har ocks\u00e5 kommit att bli, mot alla odds, ett centrum f\u00f6r kultur och varmhj\u00e4rtade m\u00f6ten p\u00e5 g\u00e5rdstun och logar i 15 olika byar. N\u00e4r Kultur i Tiomilaskogen startades \u00e5r 2000 var det inte m\u00e5nga som trodde p\u00e5 dess framtid. N\u00e5gra knasiga konstn\u00e4rsstollar fr\u00e5n Malung eller m\u00f6jligtvis Eksh\u00e4rad skulle kanske ge sig ut p\u00e5 dammiga grusv\u00e4gar f\u00f6r att titta p\u00e5 s\u00e5dana m\u00e4rkv\u00e4rdigheter \u2013 men knappast n\u00e5gra fler. Tavlor, skulpturer, foton som skulle st\u00e4llas ut d\u00e4r en g\u00e5ng korna mj\u00f6lkades, musiker som skulle spela blues d\u00e4r bara kacklet av h\u00f6ns och sv\u00e4rande skogsarbetare hade h\u00f6rts innan\u2026 Den kulturkrocken skulle bli alltf\u00f6r stor. I dag vet vi b\u00e4ttre. Finnskogen \u00e4r sedan l\u00e4nge mytomspunnen, ett outforskat omr\u00e5de, en vit fl\u00e4ck p\u00e5 kartan [&hellip;]<\/p>\n","protected":false},"author":1,"featured_media":0,"parent":0,"menu_order":2,"comment_status":"closed","ping_status":"closed","template":"template-full-width.php","meta":{"ngg_post_thumbnail":0,"footnotes":""},"class_list":["post-9","page","type-page","status-publish","hentry"],"_links":{"self":[{"href":"http:\/\/www.kulturitiomilaskogen.se\/index.php?rest_route=\/wp\/v2\/pages\/9","targetHints":{"allow":["GET"]}}],"collection":[{"href":"http:\/\/www.kulturitiomilaskogen.se\/index.php?rest_route=\/wp\/v2\/pages"}],"about":[{"href":"http:\/\/www.kulturitiomilaskogen.se\/index.php?rest_route=\/wp\/v2\/types\/page"}],"author":[{"embeddable":true,"href":"http:\/\/www.kulturitiomilaskogen.se\/index.php?rest_route=\/wp\/v2\/users\/1"}],"replies":[{"embeddable":true,"href":"http:\/\/www.kulturitiomilaskogen.se\/index.php?rest_route=%2Fwp%2Fv2%2Fcomments&post=9"}],"version-history":[{"count":21,"href":"http:\/\/www.kulturitiomilaskogen.se\/index.php?rest_route=\/wp\/v2\/pages\/9\/revisions"}],"predecessor-version":[{"id":65,"href":"http:\/\/www.kulturitiomilaskogen.se\/index.php?rest_route=\/wp\/v2\/pages\/9\/revisions\/65"}],"wp:attachment":[{"href":"http:\/\/www.kulturitiomilaskogen.se\/index.php?rest_route=%2Fwp%2Fv2%2Fmedia&parent=9"}],"curies":[{"name":"wp","href":"https:\/\/api.w.org\/{rel}","templated":true}]}}